{"id":91,"date":"2025-09-23T18:40:27","date_gmt":"2025-09-23T16:40:27","guid":{"rendered":"https:\/\/ludwiklegal.pl\/?page_id=91"},"modified":"2025-09-24T18:32:03","modified_gmt":"2025-09-24T16:32:03","slug":"zamowienia-publiczne","status":"publish","type":"page","link":"https:\/\/ludwiklegal.pl\/?page_id=91","title":{"rendered":"Zam\u00f3wienia publiczne"},"content":{"rendered":"\n<div class=\"wp-block-group alignfull has-base-background-color has-background is-content-justification-center is-nowrap is-layout-flex wp-container-core-group-is-layout-9b563f4b wp-block-group-is-layout-flex\" style=\"min-height:0px;margin-top:0;margin-bottom:0;padding-top:0;padding-right:var(--wp--preset--spacing--60);padding-bottom:0;padding-left:var(--wp--preset--spacing--60)\">\n<div class=\"wp-block-columns alignwide are-vertically-aligned-top is-layout-flex wp-container-core-columns-is-layout-72995c30 wp-block-columns-is-layout-flex\" style=\"padding-top:var(--wp--preset--spacing--30);padding-bottom:var(--wp--preset--spacing--30)\">\n<div class=\"wp-block-column is-vertically-aligned-top has-global-padding is-content-justification-center is-layout-constrained wp-block-column-is-layout-constrained\" style=\"flex-basis:100%\">\n<p class=\"has-body-font-family\" style=\"margin-top:10px;margin-bottom:10px;padding-top:0;padding-bottom:0;font-size:clamp(0.875rem, 0.875rem + ((1vw - 0.2rem) * 0.765), 1.2rem);text-transform:uppercase\"><strong>zam\u00f3wienia publiczne<\/strong><\/p>\n\n\n\n<p class=\"has-small-font-size\" style=\"border-style:none;border-width:0px;margin-right:0;margin-left:0;padding-top:8px;padding-bottom:8px\">\u015awiadcz\u0119 kompleksow\u0105 pomoc prawn\u0105 w zakresie prawa zam\u00f3wie\u0144 publicznych, zar\u00f3wno dla Zamawiaj\u0105cych, jak i Wykonawc\u00f3w. Moje do\u015bwiadczenie obejmuje:<\/p>\n\n\n\n<p style=\"border-style:none;border-width:0px;padding-top:10px;padding-bottom:10px;font-size:clamp(0.875rem, 0.875rem + ((1vw - 0.2rem) * 0.294), 1rem);font-style:normal;font-weight:600\">Wsparcie dla Zamawiaj\u0105cych:<\/p>\n\n\n\n<ul style=\"padding-top:10px;padding-bottom:10px\" class=\"wp-block-list is-style-checkmark-list has-small-font-size\">\n<li style=\"padding-top:3px;padding-bottom:3px\">Pomoc w przygotowaniu dokumentacji przetargowej oraz specyfikacji istotnych warunk\u00f3w zam\u00f3wienia.<\/li>\n\n\n\n<li style=\"padding-top:3px;padding-bottom:3px\">Wsparcie na etapie przeprowadzania post\u0119powania o udzielenie zam\u00f3wienia publicznego.<\/li>\n\n\n\n<li class=\"has-small-font-size\" style=\"padding-top:3px;padding-bottom:3px\">Analiza ofert, przygotowanie wezwa\u0144 do uzupe\u0142nienia dokument\u00f3w oraz opiniowanie wykluczenia Wykonawcy z post\u0119powania.<\/li>\n\n\n\n<li style=\"padding-top:3px;padding-bottom:3px\">Doradztwo w zakresie zako\u0144czenia post\u0119powania o zam\u00f3wienie publiczne.<\/li>\n<\/ul>\n\n\n\n<p style=\"border-style:none;border-width:0px;padding-top:10px;padding-bottom:10px;font-size:clamp(0.875rem, 0.875rem + ((1vw - 0.2rem) * 0.294), 1rem);font-style:normal;font-weight:600\">Reprezentacja przed organami odwo\u0142awczymi:<\/p>\n\n\n\n<div class=\"wp-block-group has-global-padding is-layout-constrained wp-block-group-is-layout-constrained\" style=\"padding-top:10px;padding-bottom:10px\">\n<ul class=\"wp-block-list is-style-checkmark-list has-small-font-size\">\n<li class=\"has-small-font-size\" style=\"padding-top:3px;padding-bottom:3px\">Reprezentowanie Zamawiaj\u0105cych i Wykonawc\u00f3w w post\u0119powaniach odwo\u0142awczych przed Krajow\u0105 Izb\u0105 Odwo\u0142awcz\u0105.<\/li>\n<\/ul>\n\n\n\n<ul class=\"wp-block-list is-style-checkmark-list\">\n<li class=\"has-small-font-size\" style=\"padding-top:3px;padding-bottom:3px\">Reprezentowanie w post\u0119powaniach skargowych na wyroki Krajowej Izby Odwo\u0142awczej.<\/li>\n<\/ul>\n<\/div>\n<\/div>\n<\/div>\n<\/div>\n","protected":false},"excerpt":{"rendered":"<p>zam\u00f3wienia publiczne \u015awiadcz\u0119 kompleksow\u0105 pomoc prawn\u0105 w zakresie prawa zam\u00f3wie\u0144 publicznych, zar\u00f3wno dla Zamawiaj\u0105cych, jak i Wykonawc\u00f3w. Moje do\u015bwiadczenie obejmuje: Wsparcie dla Zamawiaj\u0105cych: Reprezentacja przed organami odwo\u0142awczymi:<\/p>\n","protected":false},"author":1,"featured_media":0,"parent":99,"menu_order":0,"comment_status":"closed","ping_status":"closed","template":"","meta":{"footnotes":""},"class_list":["post-91","page","type-page","status-publish","hentry"],"_links":{"self":[{"href":"https:\/\/ludwiklegal.pl\/index.php?rest_route=\/wp\/v2\/pages\/91","targetHints":{"allow":["GET"]}}],"collection":[{"href":"https:\/\/ludwiklegal.pl\/index.php?rest_route=\/wp\/v2\/pages"}],"about":[{"href":"https:\/\/ludwiklegal.pl\/index.php?rest_route=\/wp\/v2\/types\/page"}],"author":[{"embeddable":true,"href":"https:\/\/ludwiklegal.pl\/index.php?rest_route=\/wp\/v2\/users\/1"}],"replies":[{"embeddable":true,"href":"https:\/\/ludwiklegal.pl\/index.php?rest_route=%2Fwp%2Fv2%2Fcomments&post=91"}],"version-history":[{"count":1,"href":"https:\/\/ludwiklegal.pl\/index.php?rest_route=\/wp\/v2\/pages\/91\/revisions"}],"predecessor-version":[{"id":92,"href":"https:\/\/ludwiklegal.pl\/index.php?rest_route=\/wp\/v2\/pages\/91\/revisions\/92"}],"up":[{"embeddable":true,"href":"https:\/\/ludwiklegal.pl\/index.php?rest_route=\/wp\/v2\/pages\/99"}],"wp:attachment":[{"href":"https:\/\/ludwiklegal.pl\/index.php?rest_route=%2Fwp%2Fv2%2Fmedia&parent=91"}],"curies":[{"name":"wp","href":"https:\/\/api.w.org\/{rel}","templated":true}]}}